{"id":72,"date":"2025-10-09T13:45:24","date_gmt":"2025-10-09T13:45:24","guid":{"rendered":"https:\/\/cazarepraid.info\/articole\/?page_id=72"},"modified":"2025-10-15T07:42:37","modified_gmt":"2025-10-15T07:42:37","slug":"acasa","status":"publish","type":"page","link":"https:\/\/cazarepraid.info\/articole\/","title":{"rendered":"Acas\u0103"},"content":{"rendered":"\n<p>Praid, cu numeroase obiective turistice de descoperit, este un loc ideal pentru relaxare \u0219i experien\u021be de neuitat \u00een inima Ardealului. De la modernul Centru Wellness cu bazine, at\u00e2t cu ap\u0103 s\u0103rat\u0103, c\u00e2t \u0219i bazine cu ap\u0103 dulce, unde te po\u021bi r\u0103sf\u0103\u021ba cu tratamente de relaxare, p\u00e2n\u0103 la Magic Selfie House \u0219i Casa R\u0103sturnat\u0103, fiecare vizit\u0103 devine o poveste de \u00eemp\u0103rt\u0103\u0219it. \u0218trandul Praid \u0219i Casa cu Fluturi ofer\u0103 momente de bucurie \u0219i tihn\u0103 pentru \u00eentreaga familie, \u00een timp ce cei pasiona\u021bi de sporturi de iarn\u0103 pot descoperi p\u00e2rtiile de schi Bogdan \u0219i Bucin, perfecte pentru schi \u0219i s\u0103niu\u0219.<\/p>\n\n\n\n<p>\u00cen apropiere, Satul Corund te a\u0219teapt\u0103 cu renumita sa ceramic\u0103 lucrat\u0103 manual, adev\u0103rate opere de art\u0103 care p\u0103streaz\u0103 tradi\u021biile din Ardeal. Plimb\u0103rile prin natur\u0103 \u0219i drume\u021biile pe potecile din \u00eemprejurimi completeaz\u0103 experien\u021ba unei vacan\u021be lini\u0219tite, departe de agita\u021bia ora\u0219ului. Turismul rural \u0219i cultural \u00een aceast\u0103 zon\u0103 \u00eenseamn\u0103 \u00eent\u00e2lniri cu me\u0219te\u0219ugari locali, descoperirea gastronomiei autentice \u0219i pove\u0219ti cu suflet despre oamenii care p\u0103streaz\u0103 tradi\u021biile vii.<\/p>\n\n\n\n<p>Blogul nostru \u00ee\u021bi ofer\u0103 ghiduri practice despre cum s\u0103 ajungi \u00een Praid, recomand\u0103ri de cazare, idei de trasee \u0219i activit\u0103\u021bi pentru toate v\u00e2rstele. Vei afla totul despre locuri de poveste, centre de relaxare, distrac\u021bie \u0219i art\u0103, astfel \u00eenc\u00e2t fiecare vizit\u0103 s\u0103 devin\u0103 memorabil\u0103. Praid nu este doar o destina\u021bie turistic\u0103, ci un col\u021b de Ardeal unde natura, tradi\u021bia \u0219i relaxarea se \u00eent\u00e2lnesc armonios.<\/p>\n","protected":false},"excerpt":{"rendered":"<p>Praid, cu numeroase obiective turistice de descoperit, este un loc ideal pentru relaxare \u0219i experien\u021be de neuitat \u00een inima Ardealului. De la modernul Centru Wellness cu bazine, at\u00e2t cu ap\u0103 s\u0103rat\u0103, c\u00e2t \u0219i bazine cu ap\u0103 dulce, unde te po\u021bi r\u0103sf\u0103\u021ba cu tratamente de relaxare, p\u00e2n\u0103 la Magic Selfie House \u0219i Casa R\u0103sturnat\u0103, fiecare vizit\u0103 devine o poveste de \u00eemp\u0103rt\u0103\u0219it. \u0218trandul Praid \u0219i Casa cu Fluturi ofer\u0103 momente de bucurie \u0219i tihn\u0103 pentru \u00eentreaga familie, \u00een timp ce cei pasiona\u021bi de sporturi de iarn\u0103 pot descoperi p\u00e2rtiile de schi Bogdan \u0219i Bucin, perfecte pentru schi \u0219i s\u0103niu\u0219. \u00cen apropiere, Satul Corund te a\u0219teapt\u0103 cu renumita sa ceramic\u0103 lucrat\u0103 manual, adev\u0103rate opere de art\u0103 care p\u0103streaz\u0103 tradi\u021biile din Ardeal. Plimb\u0103rile prin natur\u0103 \u0219i drume\u021biile pe potecile din \u00eemprejurimi completeaz\u0103 experien\u021ba unei vacan\u021be lini\u0219tite, departe de agita\u021bia ora\u0219ului. Turismul rural \u0219i cultural \u00een aceast\u0103 zon\u0103 \u00eenseamn\u0103 \u00eent\u00e2lniri cu me\u0219te\u0219ugari locali, descoperirea gastronomiei autentice \u0219i pove\u0219ti cu suflet despre oamenii care p\u0103streaz\u0103 tradi\u021biile vii. Blogul nostru \u00ee\u021bi ofer\u0103 ghiduri practice despre cum s\u0103 ajungi \u00een Praid, recomand\u0103ri de cazare, idei de trasee \u0219i activit\u0103\u021bi pentru toate v\u00e2rstele. Vei afla totul despre locuri de poveste, centre de relaxare, distrac\u021bie \u0219i art\u0103, astfel \u00eenc\u00e2t fiecare vizit\u0103 s\u0103 devin\u0103 memorabil\u0103. Praid nu este doar o destina\u021bie turistic\u0103, ci un col\u021b de Ardeal unde natura, tradi\u021bia \u0219i relaxarea se \u00eent\u00e2lnesc armonios.<\/p>\n","protected":false},"author":1,"featured_media":0,"parent":0,"menu_order":0,"comment_status":"closed","ping_status":"closed","template":"","meta":[],"_links":{"self":[{"href":"https:\/\/cazarepraid.info\/articole\/wp-json\/wp\/v2\/pages\/72"}],"collection":[{"href":"https:\/\/cazarepraid.info\/articole\/wp-json\/wp\/v2\/pages"}],"about":[{"href":"https:\/\/cazarepraid.info\/articole\/wp-json\/wp\/v2\/types\/page"}],"author":[{"embeddable":true,"href":"https:\/\/cazarepraid.info\/articole\/wp-json\/wp\/v2\/users\/1"}],"replies":[{"embeddable":true,"href":"https:\/\/cazarepraid.info\/articole\/wp-json\/wp\/v2\/comments?post=72"}],"version-history":[{"count":3,"href":"https:\/\/cazarepraid.info\/articole\/wp-json\/wp\/v2\/pages\/72\/revisions"}],"predecessor-version":[{"id":97,"href":"https:\/\/cazarepraid.info\/articole\/wp-json\/wp\/v2\/pages\/72\/revisions\/97"}],"wp:attachment":[{"href":"https:\/\/cazarepraid.info\/articole\/wp-json\/wp\/v2\/media?parent=72"}],"curies":[{"name":"wp","href":"https:\/\/api.w.org\/{rel}","templated":true}]}}